{"id":17,"date":"2020-07-17T21:22:11","date_gmt":"2020-07-17T21:22:11","guid":{"rendered":"https:\/\/www.gratonresortcasino.com\/?page_id=17"},"modified":"2026-04-03T14:29:17","modified_gmt":"2026-04-03T21:29:17","slug":"dining-entertainment","status":"publish","type":"page","link":"https:\/\/gratonresortcasino.com\/pt\/dining-entertainment\/","title":{"rendered":"Jantar e entretenimento"},"content":{"rendered":"","protected":false},"excerpt":{"rendered":"<p> [&#8230;]<\/p>\n<p><a class=\"btn btn-secondary understrap-read-more-link\" href=\"https:\/\/gratonresortcasino.com\/pt\/dining-entertainment\/\">Continuar a ler&#8230;<span class=\"screen-reader-text\"> from Dining &#038; Entertainment<\/span><\/a><\/p>\n","protected":false},"author":9,"featured_media":0,"parent":0,"menu_order":0,"comment_status":"closed","ping_status":"closed","template":"page-templates\/custom.php","meta":{"_acf_changed":false,"footnotes":""},"class_list":["post-17","page","type-page","status-publish","hentry"],"acf":[],"yoast_head":"<!-- This site is optimized with the Yoast SEO Premium plugin v27.1 (Yoast SEO v27.1.1) - https:\/\/yoast.com\/product\/yoast-seo-premium-wordpress\/ -->\n<title>Fine Dining, Restaurants &amp; Live Shows | Graton Resort &amp; Casino<\/title>\n<meta name=\"description\" content=\"Come join us by dining at our wide range of restaurants which include Italian, Chinese, and American dishes. You can also catch a live performance from featured musicians and comedians.\" \/>\n<meta name=\"robots\" content=\"index, follow, max-snippet:-1, max-image-preview:large, max-video-preview:-1\" \/>\n<link rel=\"canonical\" href=\"https:\/\/www.gratonresortcasino.com\/dining-entertainment\/\" \/>\n<meta property=\"og:locale\" content=\"pt_PT\" \/>\n<meta property=\"og:type\" content=\"article\" \/>\n<meta property=\"og:title\" content=\"Dining &amp; Entertainment\" \/>\n<meta property=\"og:description\" content=\"Come join us by dining at our wide range of restaurants which include Italian, Chinese, and American dishes. You can also catch a live performance from featured musicians and comedians.\" \/>\n<meta property=\"og:url\" content=\"https:\/\/www.gratonresortcasino.com\/dining-entertainment\/\" \/>\n<meta property=\"og:site_name\" content=\"Graton\" \/>\n<meta property=\"article:modified_time\" content=\"2026-04-03T21:29:17+00:00\" \/>\n<meta name=\"twitter:card\" content=\"summary_large_image\" \/>\n<script type=\"application\/ld+json\" class=\"yoast-schema-graph\">{\"@context\":\"https:\/\/schema.org\",\"@graph\":[{\"@type\":\"WebPage\",\"@id\":\"https:\/\/www.gratonresortcasino.com\/dining-entertainment\/\",\"url\":\"https:\/\/www.gratonresortcasino.com\/dining-entertainment\/\",\"name\":\"Fine Dining, Restaurants & Live Shows | Graton Resort & Casino\",\"isPartOf\":{\"@id\":\"https:\/\/www.gratonresortcasino.com\/ar\/#website\"},\"datePublished\":\"2020-07-17T21:22:11+00:00\",\"dateModified\":\"2026-04-03T21:29:17+00:00\",\"description\":\"Come join us by dining at our wide range of restaurants which include Italian, Chinese, and American dishes. You can also catch a live performance from featured musicians and comedians.\",\"breadcrumb\":{\"@id\":\"https:\/\/www.gratonresortcasino.com\/dining-entertainment\/#breadcrumb\"},\"inLanguage\":\"pt-PT\",\"potentialAction\":[{\"@type\":\"ReadAction\",\"target\":[\"https:\/\/www.gratonresortcasino.com\/dining-entertainment\/\"]}]},{\"@type\":\"BreadcrumbList\",\"@id\":\"https:\/\/www.gratonresortcasino.com\/dining-entertainment\/#breadcrumb\",\"itemListElement\":[{\"@type\":\"ListItem\",\"position\":1,\"name\":\"Home\",\"item\":\"https:\/\/www.gratonresortcasino.com\/\"},{\"@type\":\"ListItem\",\"position\":2,\"name\":\"Dining &#038; Entertainment\"}]},{\"@type\":\"WebSite\",\"@id\":\"https:\/\/www.gratonresortcasino.com\/ar\/#website\",\"url\":\"https:\/\/www.gratonresortcasino.com\/ar\/\",\"name\":\"Graton\",\"description\":\"Resort &amp; Casino\",\"potentialAction\":[{\"@type\":\"SearchAction\",\"target\":{\"@type\":\"EntryPoint\",\"urlTemplate\":\"https:\/\/www.gratonresortcasino.com\/ar\/?s={search_term_string}\"},\"query-input\":{\"@type\":\"PropertyValueSpecification\",\"valueRequired\":true,\"valueName\":\"search_term_string\"}}],\"inLanguage\":\"pt-PT\"}]}<\/script>\n<!-- \/ Yoast SEO Premium plugin. -->","yoast_head_json":{"title":"Refei\u00e7\u00f5es requintadas, restaurantes e shows ao vivo | Graton Resort &amp; Casino","description":"Junte-se a n\u00f3s jantando em nossa ampla variedade de restaurantes, que incluem pratos italianos, chineses e americanos. Voc\u00ea tamb\u00e9m pode assistir a uma apresenta\u00e7\u00e3o ao vivo de m\u00fasicos e comediantes.","robots":{"index":"index","follow":"follow","max-snippet":"max-snippet:-1","max-image-preview":"max-image-preview:large","max-video-preview":"max-video-preview:-1"},"canonical":"https:\/\/www.gratonresortcasino.com\/dining-entertainment\/","og_locale":"pt_PT","og_type":"article","og_title":"Dining & Entertainment","og_description":"Come join us by dining at our wide range of restaurants which include Italian, Chinese, and American dishes. You can also catch a live performance from featured musicians and comedians.","og_url":"https:\/\/www.gratonresortcasino.com\/dining-entertainment\/","og_site_name":"Graton","article_modified_time":"2026-04-03T21:29:17+00:00","twitter_card":"summary_large_image","schema":{"@context":"https:\/\/schema.org","@graph":[{"@type":"WebPage","@id":"https:\/\/www.gratonresortcasino.com\/dining-entertainment\/","url":"https:\/\/www.gratonresortcasino.com\/dining-entertainment\/","name":"Refei\u00e7\u00f5es requintadas, restaurantes e shows ao vivo | Graton Resort &amp; Casino","isPartOf":{"@id":"https:\/\/www.gratonresortcasino.com\/ar\/#website"},"datePublished":"2020-07-17T21:22:11+00:00","dateModified":"2026-04-03T21:29:17+00:00","description":"Junte-se a n\u00f3s jantando em nossa ampla variedade de restaurantes, que incluem pratos italianos, chineses e americanos. Voc\u00ea tamb\u00e9m pode assistir a uma apresenta\u00e7\u00e3o ao vivo de m\u00fasicos e comediantes.","breadcrumb":{"@id":"https:\/\/www.gratonresortcasino.com\/dining-entertainment\/#breadcrumb"},"inLanguage":"pt-PT","potentialAction":[{"@type":"ReadAction","target":["https:\/\/www.gratonresortcasino.com\/dining-entertainment\/"]}]},{"@type":"BreadcrumbList","@id":"https:\/\/www.gratonresortcasino.com\/dining-entertainment\/#breadcrumb","itemListElement":[{"@type":"ListItem","position":1,"name":"Home","item":"https:\/\/www.gratonresortcasino.com\/"},{"@type":"ListItem","position":2,"name":"Dining &#038; Entertainment"}]},{"@type":"WebSite","@id":"https:\/\/www.gratonresortcasino.com\/ar\/#website","url":"https:\/\/www.gratonresortcasino.com\/ar\/","name":"Graton","description":"Resort e Casino","potentialAction":[{"@type":"SearchAction","target":{"@type":"EntryPoint","urlTemplate":"https:\/\/www.gratonresortcasino.com\/ar\/?s={search_term_string}"},"query-input":{"@type":"PropertyValueSpecification","valueRequired":true,"valueName":"search_term_string"}}],"inLanguage":"pt-PT"}]}},"_links":{"self":[{"href":"https:\/\/gratonresortcasino.com\/pt\/wp-json\/wp\/v2\/pages\/17","targetHints":{"allow":["GET"]}}],"collection":[{"href":"https:\/\/gratonresortcasino.com\/pt\/wp-json\/wp\/v2\/pages"}],"about":[{"href":"https:\/\/gratonresortcasino.com\/pt\/wp-json\/wp\/v2\/types\/page"}],"author":[{"embeddable":true,"href":"https:\/\/gratonresortcasino.com\/pt\/wp-json\/wp\/v2\/users\/9"}],"replies":[{"embeddable":true,"href":"https:\/\/gratonresortcasino.com\/pt\/wp-json\/wp\/v2\/comments?post=17"}],"version-history":[{"count":452,"href":"https:\/\/gratonresortcasino.com\/pt\/wp-json\/wp\/v2\/pages\/17\/revisions"}],"predecessor-version":[{"id":13635,"href":"https:\/\/gratonresortcasino.com\/pt\/wp-json\/wp\/v2\/pages\/17\/revisions\/13635"}],"wp:attachment":[{"href":"https:\/\/gratonresortcasino.com\/pt\/wp-json\/wp\/v2\/media?parent=17"}],"curies":[{"name":"wp","href":"https:\/\/api.w.org\/{rel}","templated":true}]}}