{"id":44,"date":"2020-07-17T21:28:33","date_gmt":"2020-07-17T21:28:33","guid":{"rendered":"https:\/\/www.gratonresortcasino.com\/?page_id=44"},"modified":"2024-03-13T10:04:11","modified_gmt":"2024-03-13T17:04:11","slug":"meetings-events","status":"publish","type":"page","link":"https:\/\/gratonresortcasino.com\/fr\/hotel\/meetings-events\/","title":{"rendered":"R\u00e9unions et \u00e9v\u00e9nements"},"content":{"rendered":"","protected":false},"excerpt":{"rendered":"<p> [&#8230;]<\/p>\n<p><a class=\"btn btn-secondary understrap-read-more-link\" href=\"https:\/\/gratonresortcasino.com\/fr\/hotel\/meetings-events\/\">Lire la suite\u2026<span class=\"screen-reader-text\"> from Meetings &#038; Events<\/span><\/a><\/p>\n","protected":false},"author":9,"featured_media":0,"parent":19,"menu_order":0,"comment_status":"closed","ping_status":"closed","template":"page-templates\/custom.php","meta":{"_acf_changed":false,"footnotes":""},"class_list":["post-44","page","type-page","status-publish","hentry"],"acf":[],"yoast_head":"<!-- This site is optimized with the Yoast SEO Premium plugin v27.1 (Yoast SEO v27.1.1) - https:\/\/yoast.com\/product\/yoast-seo-premium-wordpress\/ -->\n<title>Meetings, Events &amp; Catering | Graton Resort &amp; Casino<\/title>\n<meta name=\"description\" content=\"With over 20,000 square feet of ample event space and meeting rooms, Graton Resort &amp; Casino provides a fun and lively atmosphere for your next meeting, social event, or banquet.\" \/>\n<meta name=\"robots\" content=\"index, follow, max-snippet:-1, max-image-preview:large, max-video-preview:-1\" \/>\n<link rel=\"canonical\" href=\"https:\/\/gratonresortcasino.com\/fr\/hotel\/meetings-events\/\" \/>\n<meta property=\"og:locale\" content=\"fr_FR\" \/>\n<meta property=\"og:type\" content=\"article\" \/>\n<meta property=\"og:title\" content=\"Meetings &amp; Events\" \/>\n<meta property=\"og:description\" content=\"With over 20,000 square feet of ample event space and meeting rooms, Graton Resort &amp; Casino provides a fun and lively atmosphere for your next meeting, social event, or banquet.\" \/>\n<meta property=\"og:url\" content=\"https:\/\/gratonresortcasino.com\/fr\/hotel\/meetings-events\/\" \/>\n<meta property=\"og:site_name\" content=\"Graton\" \/>\n<meta property=\"article:modified_time\" content=\"2024-03-13T17:04:11+00:00\" \/>\n<meta name=\"twitter:card\" content=\"summary_large_image\" \/>\n<script type=\"application\/ld+json\" class=\"yoast-schema-graph\">{\"@context\":\"https:\/\/schema.org\",\"@graph\":[{\"@type\":\"WebPage\",\"@id\":\"https:\/\/gratonresortcasino.com\/ar\/hotel\/meetings-events\/\",\"url\":\"https:\/\/gratonresortcasino.com\/ar\/hotel\/meetings-events\/\",\"name\":\"Meetings, Events & Catering | Graton Resort & Casino\",\"isPartOf\":{\"@id\":\"https:\/\/www.gratonresortcasino.com\/zh_cn\/#website\"},\"datePublished\":\"2020-07-17T21:28:33+00:00\",\"dateModified\":\"2024-03-13T17:04:11+00:00\",\"description\":\"With over 20,000 square feet of ample event space and meeting rooms, Graton Resort & Casino provides a fun and lively atmosphere for your next meeting, social event, or banquet.\",\"breadcrumb\":{\"@id\":\"https:\/\/gratonresortcasino.com\/ar\/hotel\/meetings-events\/#breadcrumb\"},\"inLanguage\":\"fr-FR\",\"potentialAction\":[{\"@type\":\"ReadAction\",\"target\":[\"https:\/\/gratonresortcasino.com\/ar\/hotel\/meetings-events\/\"]}]},{\"@type\":\"BreadcrumbList\",\"@id\":\"https:\/\/gratonresortcasino.com\/ar\/hotel\/meetings-events\/#breadcrumb\",\"itemListElement\":[{\"@type\":\"ListItem\",\"position\":1,\"name\":\"Home\",\"item\":\"https:\/\/www.gratonresortcasino.com\/zh_cn\/\"},{\"@type\":\"ListItem\",\"position\":2,\"name\":\"Hotel\",\"item\":\"https:\/\/www.gratonresortcasino.com\/pt\/hotel\/\"},{\"@type\":\"ListItem\",\"position\":3,\"name\":\"Meetings &#038; Events\"}]},{\"@type\":\"WebSite\",\"@id\":\"https:\/\/www.gratonresortcasino.com\/zh_cn\/#website\",\"url\":\"https:\/\/www.gratonresortcasino.com\/zh_cn\/\",\"name\":\"Graton\",\"description\":\"Resort &amp; Casino\",\"potentialAction\":[{\"@type\":\"SearchAction\",\"target\":{\"@type\":\"EntryPoint\",\"urlTemplate\":\"https:\/\/www.gratonresortcasino.com\/zh_cn\/?s={search_term_string}\"},\"query-input\":{\"@type\":\"PropertyValueSpecification\",\"valueRequired\":true,\"valueName\":\"search_term_string\"}}],\"inLanguage\":\"fr-FR\"}]}<\/script>\n<!-- \/ Yoast SEO Premium plugin. -->","yoast_head_json":{"title":"R\u00e9unions, \u00e9v\u00e9nements et restauration | Graton Resort &amp; Casino","description":"Avec plus de 20 000 pieds carr\u00e9s d&#039;espace \u00e9v\u00e9nementiel et de salles de r\u00e9union, Graton Resort &amp; Casino offre une atmosph\u00e8re amusante et anim\u00e9e pour votre prochaine r\u00e9union, \u00e9v\u00e9nement social ou banquet.","robots":{"index":"index","follow":"follow","max-snippet":"max-snippet:-1","max-image-preview":"max-image-preview:large","max-video-preview":"max-video-preview:-1"},"canonical":"https:\/\/gratonresortcasino.com\/fr\/hotel\/meetings-events\/","og_locale":"fr_FR","og_type":"article","og_title":"Meetings & Events","og_description":"With over 20,000 square feet of ample event space and meeting rooms, Graton Resort & Casino provides a fun and lively atmosphere for your next meeting, social event, or banquet.","og_url":"https:\/\/gratonresortcasino.com\/fr\/hotel\/meetings-events\/","og_site_name":"Graton","article_modified_time":"2024-03-13T17:04:11+00:00","twitter_card":"summary_large_image","schema":{"@context":"https:\/\/schema.org","@graph":[{"@type":"WebPage","@id":"https:\/\/gratonresortcasino.com\/ar\/hotel\/meetings-events\/","url":"https:\/\/gratonresortcasino.com\/ar\/hotel\/meetings-events\/","name":"R\u00e9unions, \u00e9v\u00e9nements et restauration | Graton Resort &amp; Casino","isPartOf":{"@id":"https:\/\/www.gratonresortcasino.com\/zh_cn\/#website"},"datePublished":"2020-07-17T21:28:33+00:00","dateModified":"2024-03-13T17:04:11+00:00","description":"Avec plus de 20 000 pieds carr\u00e9s d&#039;espace \u00e9v\u00e9nementiel et de salles de r\u00e9union, Graton Resort &amp; Casino offre une atmosph\u00e8re amusante et anim\u00e9e pour votre prochaine r\u00e9union, \u00e9v\u00e9nement social ou banquet.","breadcrumb":{"@id":"https:\/\/gratonresortcasino.com\/ar\/hotel\/meetings-events\/#breadcrumb"},"inLanguage":"fr-FR","potentialAction":[{"@type":"ReadAction","target":["https:\/\/gratonresortcasino.com\/ar\/hotel\/meetings-events\/"]}]},{"@type":"BreadcrumbList","@id":"https:\/\/gratonresortcasino.com\/ar\/hotel\/meetings-events\/#breadcrumb","itemListElement":[{"@type":"ListItem","position":1,"name":"Home","item":"https:\/\/www.gratonresortcasino.com\/zh_cn\/"},{"@type":"ListItem","position":2,"name":"Hotel","item":"https:\/\/www.gratonresortcasino.com\/pt\/hotel\/"},{"@type":"ListItem","position":3,"name":"Meetings &#038; Events"}]},{"@type":"WebSite","@id":"https:\/\/www.gratonresortcasino.com\/zh_cn\/#website","url":"https:\/\/www.gratonresortcasino.com\/zh_cn\/","name":"Graton","description":"Centre de vill\u00e9giature et casino","potentialAction":[{"@type":"SearchAction","target":{"@type":"EntryPoint","urlTemplate":"https:\/\/www.gratonresortcasino.com\/zh_cn\/?s={search_term_string}"},"query-input":{"@type":"PropertyValueSpecification","valueRequired":true,"valueName":"search_term_string"}}],"inLanguage":"fr-FR"}]}},"_links":{"self":[{"href":"https:\/\/gratonresortcasino.com\/fr\/wp-json\/wp\/v2\/pages\/44","targetHints":{"allow":["GET"]}}],"collection":[{"href":"https:\/\/gratonresortcasino.com\/fr\/wp-json\/wp\/v2\/pages"}],"about":[{"href":"https:\/\/gratonresortcasino.com\/fr\/wp-json\/wp\/v2\/types\/page"}],"author":[{"embeddable":true,"href":"https:\/\/gratonresortcasino.com\/fr\/wp-json\/wp\/v2\/users\/9"}],"replies":[{"embeddable":true,"href":"https:\/\/gratonresortcasino.com\/fr\/wp-json\/wp\/v2\/comments?post=44"}],"version-history":[{"count":48,"href":"https:\/\/gratonresortcasino.com\/fr\/wp-json\/wp\/v2\/pages\/44\/revisions"}],"predecessor-version":[{"id":5150,"href":"https:\/\/gratonresortcasino.com\/fr\/wp-json\/wp\/v2\/pages\/44\/revisions\/5150"}],"up":[{"embeddable":true,"href":"https:\/\/gratonresortcasino.com\/fr\/wp-json\/wp\/v2\/pages\/19"}],"wp:attachment":[{"href":"https:\/\/gratonresortcasino.com\/fr\/wp-json\/wp\/v2\/media?parent=44"}],"curies":[{"name":"wp","href":"https:\/\/api.w.org\/{rel}","templated":true}]}}