{"id":13000,"date":"2026-01-13T16:36:46","date_gmt":"2026-01-14T00:36:46","guid":{"rendered":"https:\/\/gratonresortcasino.com\/?page_id=13000"},"modified":"2026-03-27T14:45:26","modified_gmt":"2026-03-27T21:45:26","slug":"careers","status":"publish","type":"page","link":"https:\/\/gratonresortcasino.com\/fr\/about-us\/careers\/","title":{"rendered":"Carri\u00e8res"},"content":{"rendered":"","protected":false},"excerpt":{"rendered":"<p> [&#8230;]<\/p>\n<p><a class=\"btn btn-secondary understrap-read-more-link\" href=\"https:\/\/gratonresortcasino.com\/fr\/about-us\/careers\/\">Lire la suite\u2026<span class=\"screen-reader-text\"> from Careers<\/span><\/a><\/p>\n","protected":false},"author":16,"featured_media":0,"parent":23,"menu_order":0,"comment_status":"closed","ping_status":"closed","template":"page-templates\/custom.php","meta":{"_acf_changed":false,"footnotes":""},"class_list":["post-13000","page","type-page","status-publish","hentry"],"acf":[],"yoast_head":"<!-- This site is optimized with the Yoast SEO Premium plugin v27.1 (Yoast SEO v27.1.1) - https:\/\/yoast.com\/product\/yoast-seo-premium-wordpress\/ -->\n<title>Graton Casino Jobs | Graton Resort &amp; Casino<\/title>\n<meta name=\"description\" content=\"We\u2019re always looking for enthusiastic people to join our team. If you\u2019re outgoing and hard-working, please join us.\" \/>\n<meta name=\"robots\" content=\"index, follow, max-snippet:-1, max-image-preview:large, max-video-preview:-1\" \/>\n<link rel=\"canonical\" href=\"https:\/\/gratonresortcasino.com\/fr\/about-us\/careers\/\" \/>\n<meta property=\"og:locale\" content=\"fr_FR\" \/>\n<meta property=\"og:type\" content=\"article\" \/>\n<meta property=\"og:title\" content=\"Careers\" \/>\n<meta property=\"og:description\" content=\"We\u2019re always looking for enthusiastic people to join our team. If you\u2019re outgoing and hard-working, please join us.\" \/>\n<meta property=\"og:url\" content=\"https:\/\/gratonresortcasino.com\/fr\/about-us\/careers\/\" \/>\n<meta property=\"og:site_name\" content=\"Graton\" \/>\n<meta property=\"article:modified_time\" content=\"2026-03-27T21:45:26+00:00\" \/>\n<meta name=\"twitter:card\" content=\"summary_large_image\" \/>\n<script type=\"application\/ld+json\" class=\"yoast-schema-graph\">{\"@context\":\"https:\/\/schema.org\",\"@graph\":[{\"@type\":\"WebPage\",\"@id\":\"https:\/\/gratonresortcasino.com\/ne\/about-us\/careers\/\",\"url\":\"https:\/\/gratonresortcasino.com\/ne\/about-us\/careers\/\",\"name\":\"Graton Casino Jobs | Graton Resort & Casino\",\"isPartOf\":{\"@id\":\"https:\/\/www.gratonresortcasino.com\/ar\/#website\"},\"datePublished\":\"2026-01-14T00:36:46+00:00\",\"dateModified\":\"2026-03-27T21:45:26+00:00\",\"description\":\"We\u2019re always looking for enthusiastic people to join our team. If you\u2019re outgoing and hard-working, please join us.\",\"breadcrumb\":{\"@id\":\"https:\/\/gratonresortcasino.com\/ne\/about-us\/careers\/#breadcrumb\"},\"inLanguage\":\"fr-FR\",\"potentialAction\":[{\"@type\":\"ReadAction\",\"target\":[\"https:\/\/gratonresortcasino.com\/ne\/about-us\/careers\/\"]}]},{\"@type\":\"BreadcrumbList\",\"@id\":\"https:\/\/gratonresortcasino.com\/ne\/about-us\/careers\/#breadcrumb\",\"itemListElement\":[{\"@type\":\"ListItem\",\"position\":1,\"name\":\"Home\",\"item\":\"https:\/\/www.gratonresortcasino.com\/ar\/\"},{\"@type\":\"ListItem\",\"position\":2,\"name\":\"About Us\",\"item\":\"https:\/\/www.gratonresortcasino.com\/about-us\/\"},{\"@type\":\"ListItem\",\"position\":3,\"name\":\"Careers\"}]},{\"@type\":\"WebSite\",\"@id\":\"https:\/\/www.gratonresortcasino.com\/ar\/#website\",\"url\":\"https:\/\/www.gratonresortcasino.com\/ar\/\",\"name\":\"Graton\",\"description\":\"Resort &amp; Casino\",\"potentialAction\":[{\"@type\":\"SearchAction\",\"target\":{\"@type\":\"EntryPoint\",\"urlTemplate\":\"https:\/\/www.gratonresortcasino.com\/ar\/?s={search_term_string}\"},\"query-input\":{\"@type\":\"PropertyValueSpecification\",\"valueRequired\":true,\"valueName\":\"search_term_string\"}}],\"inLanguage\":\"fr-FR\"}]}<\/script>\n<!-- \/ Yoast SEO Premium plugin. -->","yoast_head_json":{"title":"Emplois au Casino Graton | Centre de vill\u00e9giature et casino Graton","description":"Nous sommes toujours \u00e0 la recherche de personnes enthousiastes pour rejoindre notre \u00e9quipe. Si vous \u00eates extraverti et travailleur, rejoignez-nous.","robots":{"index":"index","follow":"follow","max-snippet":"max-snippet:-1","max-image-preview":"max-image-preview:large","max-video-preview":"max-video-preview:-1"},"canonical":"https:\/\/gratonresortcasino.com\/fr\/about-us\/careers\/","og_locale":"fr_FR","og_type":"article","og_title":"Careers","og_description":"We\u2019re always looking for enthusiastic people to join our team. If you\u2019re outgoing and hard-working, please join us.","og_url":"https:\/\/gratonresortcasino.com\/fr\/about-us\/careers\/","og_site_name":"Graton","article_modified_time":"2026-03-27T21:45:26+00:00","twitter_card":"summary_large_image","schema":{"@context":"https:\/\/schema.org","@graph":[{"@type":"WebPage","@id":"https:\/\/gratonresortcasino.com\/ne\/about-us\/careers\/","url":"https:\/\/gratonresortcasino.com\/ne\/about-us\/careers\/","name":"Emplois au Casino Graton | Centre de vill\u00e9giature et casino Graton","isPartOf":{"@id":"https:\/\/www.gratonresortcasino.com\/ar\/#website"},"datePublished":"2026-01-14T00:36:46+00:00","dateModified":"2026-03-27T21:45:26+00:00","description":"Nous sommes toujours \u00e0 la recherche de personnes enthousiastes pour rejoindre notre \u00e9quipe. Si vous \u00eates extraverti et travailleur, rejoignez-nous.","breadcrumb":{"@id":"https:\/\/gratonresortcasino.com\/ne\/about-us\/careers\/#breadcrumb"},"inLanguage":"fr-FR","potentialAction":[{"@type":"ReadAction","target":["https:\/\/gratonresortcasino.com\/ne\/about-us\/careers\/"]}]},{"@type":"BreadcrumbList","@id":"https:\/\/gratonresortcasino.com\/ne\/about-us\/careers\/#breadcrumb","itemListElement":[{"@type":"ListItem","position":1,"name":"Home","item":"https:\/\/www.gratonresortcasino.com\/ar\/"},{"@type":"ListItem","position":2,"name":"About Us","item":"https:\/\/www.gratonresortcasino.com\/about-us\/"},{"@type":"ListItem","position":3,"name":"Careers"}]},{"@type":"WebSite","@id":"https:\/\/www.gratonresortcasino.com\/ar\/#website","url":"https:\/\/www.gratonresortcasino.com\/ar\/","name":"Graton","description":"Centre de vill\u00e9giature et casino","potentialAction":[{"@type":"SearchAction","target":{"@type":"EntryPoint","urlTemplate":"https:\/\/www.gratonresortcasino.com\/ar\/?s={search_term_string}"},"query-input":{"@type":"PropertyValueSpecification","valueRequired":true,"valueName":"search_term_string"}}],"inLanguage":"fr-FR"}]}},"_links":{"self":[{"href":"https:\/\/gratonresortcasino.com\/fr\/wp-json\/wp\/v2\/pages\/13000","targetHints":{"allow":["GET"]}}],"collection":[{"href":"https:\/\/gratonresortcasino.com\/fr\/wp-json\/wp\/v2\/pages"}],"about":[{"href":"https:\/\/gratonresortcasino.com\/fr\/wp-json\/wp\/v2\/types\/page"}],"author":[{"embeddable":true,"href":"https:\/\/gratonresortcasino.com\/fr\/wp-json\/wp\/v2\/users\/16"}],"replies":[{"embeddable":true,"href":"https:\/\/gratonresortcasino.com\/fr\/wp-json\/wp\/v2\/comments?post=13000"}],"version-history":[{"count":50,"href":"https:\/\/gratonresortcasino.com\/fr\/wp-json\/wp\/v2\/pages\/13000\/revisions"}],"predecessor-version":[{"id":13581,"href":"https:\/\/gratonresortcasino.com\/fr\/wp-json\/wp\/v2\/pages\/13000\/revisions\/13581"}],"up":[{"embeddable":true,"href":"https:\/\/gratonresortcasino.com\/fr\/wp-json\/wp\/v2\/pages\/23"}],"wp:attachment":[{"href":"https:\/\/gratonresortcasino.com\/fr\/wp-json\/wp\/v2\/media?parent=13000"}],"curies":[{"name":"wp","href":"https:\/\/api.w.org\/{rel}","templated":true}]}}